{"id":67,"date":"2018-06-19T10:45:31","date_gmt":"2018-06-19T10:45:31","guid":{"rendered":"https:\/\/pestmof.com\/projects\/"},"modified":"2025-02-22T12:08:23","modified_gmt":"2025-02-22T12:08:23","slug":"projects","status":"publish","type":"page","link":"https:\/\/pestmof.com\/en\/projects\/","title":{"rendered":"Projects"},"content":{"rendered":"<div data-elementor-type=\"wp-post\" data-elementor-id=\"67\" class=\"elementor elementor-67\">\n\t\t\t\t\t\t<section class=\"elementor-section elementor-top-section elementor-element elementor-element-73f19eb elementor-section-stretched elementor-section-height-min-height elementor-section-boxed elementor-section-height-default elementor-section-items-middle\" data-id=\"73f19eb\" data-element_type=\"section\" data-e-type=\"section\" data-settings=\"{&quot;stretch_section&quot;:&quot;section-stretched&quot;,&quot;background_background&quot;:&quot;classic&quot;}\">\n\t\t\t\t\t\t<div class=\"elementor-container elementor-column-gap-default\">\n\t\t\t\t\t<div class=\"aux-parallax-section elementor-column elementor-col-100 elementor-top-column elementor-element elementor-element-2f5d6eb aux-appear-watch-animation aux-fade-in-right\" data-id=\"2f5d6eb\" data-element_type=\"column\" data-e-type=\"column\">\n\t\t\t<div class=\"elementor-widget-wrap elementor-element-populated\">\n\t\t\t\t\t\t<div class=\"elementor-element elementor-element-59a1228 elementor-widget elementor-widget-aux_modern_heading\" data-id=\"59a1228\" data-element_type=\"widget\" data-e-type=\"widget\" data-widget_type=\"aux_modern_heading.default\">\n\t\t\t\t<div class=\"elementor-widget-container\">\n\t\t\t\t\t<section class=\"aux-widget-modern-heading\">\n            <div class=\"aux-widget-inner\"><h2 class=\"aux-modern-heading-primary\">New Project<\/h2><\/div>\n        <\/section>\t\t\t\t<\/div>\n\t\t\t\t<\/div>\n\t\t\t\t\t<\/div>\n\t\t<\/div>\n\t\t\t\t\t<\/div>\n\t\t<\/section>\n\t\t\t\t<section class=\"elementor-section elementor-top-section elementor-element elementor-element-749adada elementor-section-boxed elementor-section-height-default elementor-section-height-default\" data-id=\"749adada\" data-element_type=\"section\" data-e-type=\"section\">\n\t\t\t\t\t\t<div class=\"elementor-container elementor-column-gap-default\">\n\t\t\t\t\t<div class=\"aux-parallax-section elementor-column elementor-col-100 elementor-top-column elementor-element elementor-element-69dbfc3f\" data-id=\"69dbfc3f\" data-element_type=\"column\" data-e-type=\"column\">\n\t\t\t<div class=\"elementor-widget-wrap elementor-element-populated\">\n\t\t\t\t\t\t<section class=\"elementor-section elementor-inner-section elementor-element elementor-element-4b63b8b9 aux-appear-watch-animation aux-fade-in-up elementor-section-boxed elementor-section-height-default elementor-section-height-default\" data-id=\"4b63b8b9\" data-element_type=\"section\" data-e-type=\"section\" data-settings=\"{&quot;background_background&quot;:&quot;gradient&quot;}\">\n\t\t\t\t\t\t<div class=\"elementor-container elementor-column-gap-default\">\n\t\t\t\t\t<div class=\"aux-parallax-section elementor-column elementor-col-50 elementor-inner-column elementor-element elementor-element-d3536a\" data-id=\"d3536a\" data-element_type=\"column\" data-e-type=\"column\">\n\t\t\t<div class=\"elementor-widget-wrap elementor-element-populated\">\n\t\t\t\t\t\t<div class=\"elementor-element elementor-element-7c7fbc54 elementor-widget elementor-widget-aux_modern_heading\" data-id=\"7c7fbc54\" data-element_type=\"widget\" data-e-type=\"widget\" data-widget_type=\"aux_modern_heading.default\">\n\t\t\t\t<div class=\"elementor-widget-container\">\n\t\t\t\t\t<section class=\"aux-widget-modern-heading\">\n            <div class=\"aux-widget-inner\"><h4 class=\"aux-modern-heading-primary\">Pr\u00f3ximos proyectos<\/h4><h3 class=\"aux-modern-heading-secondary\"><span class=\"aux-head-before\">Working on the next modern buildings in the Mexican Republic with our team is the main objective!<\/span><\/h3><div class=\"aux-modern-heading-divider\"><\/div><\/div>\n        <\/section>\t\t\t\t<\/div>\n\t\t\t\t<\/div>\n\t\t\t\t\t<\/div>\n\t\t<\/div>\n\t\t\t\t<div class=\"aux-parallax-section elementor-column elementor-col-50 elementor-inner-column elementor-element elementor-element-2404318c\" data-id=\"2404318c\" data-element_type=\"column\" data-e-type=\"column\">\n\t\t\t<div class=\"elementor-widget-wrap elementor-element-populated\">\n\t\t\t\t\t\t<div class=\"elementor-element elementor-element-7fd7456 elementor-widget elementor-widget-heading\" data-id=\"7fd7456\" data-element_type=\"widget\" data-e-type=\"widget\" data-widget_type=\"heading.default\">\n\t\t\t\t<div class=\"elementor-widget-container\">\n\t\t\t\t\t<h4 class=\"elementor-heading-title elementor-size-default\">We have a group of highly qualified workers. Blacksmiths, carpenters, bricklayers, \nPainters, Welders, Paileros, \nPipes, Installations \nHydrosanitary, Electricians in \nlow and high voltage, Surveyors, \nengineers, staff \nadministrative, among others<\/h4>\t\t\t\t<\/div>\n\t\t\t\t<\/div>\n\t\t\t\t<div class=\"elementor-element elementor-element-4e90e83 elementor-widget elementor-widget-aux_image\" data-id=\"4e90e83\" data-element_type=\"widget\" data-e-type=\"widget\" data-widget_type=\"aux_image.default\">\n\t\t\t\t<div class=\"elementor-widget-container\">\n\t\t\t\t\t<section class=\"widget-container aux-widget-image aux-alignnone aux-parent-aubfca774c\">\n    <div class=\"aux-media-hint-frame\">\n        <div class=\"aux-media-image  aux-tilt-box aux-media-frame aux-lightbox-frame\" >\n        \n            \n\n                            <div class='aux-hover-scale-circle-plus'>\n                    <span class='aux-symbol-plus'><\/span>\n                    <span class='aux-symbol-circle'><\/span>\n                <\/div>\n            \n                                <div class=\"aux-frame-mask aux-frame-darken\">\n                                            <\/div>\n                            \n                <\/div>\n    <\/div>\n\n<\/section><!-- widget-container -->\t\t\t\t<\/div>\n\t\t\t\t<\/div>\n\t\t\t\t\t<\/div>\n\t\t<\/div>\n\t\t\t\t\t<\/div>\n\t\t<\/section>\n\t\t\t\t\t<\/div>\n\t\t<\/div>\n\t\t\t\t\t<\/div>\n\t\t<\/section>\n\t\t\t\t<section class=\"elementor-section elementor-top-section elementor-element elementor-element-9646ec5 aux-appear-watch-animation aux-fade-in-up elementor-section-full_width elementor-section-height-default elementor-section-height-default\" data-id=\"9646ec5\" data-element_type=\"section\" data-e-type=\"section\">\n\t\t\t\t\t\t<div class=\"elementor-container elementor-column-gap-default\">\n\t\t\t\t\t<div class=\"aux-parallax-section elementor-column elementor-col-100 elementor-top-column elementor-element elementor-element-81051d2\" data-id=\"81051d2\" data-element_type=\"column\" data-e-type=\"column\" data-settings=\"{&quot;background_background&quot;:&quot;slideshow&quot;,&quot;background_slideshow_gallery&quot;:[],&quot;background_slideshow_loop&quot;:&quot;yes&quot;,&quot;background_slideshow_slide_duration&quot;:5000,&quot;background_slideshow_slide_transition&quot;:&quot;fade&quot;,&quot;background_slideshow_transition_duration&quot;:500}\">\n\t\t\t<div class=\"elementor-widget-wrap\">\n\t\t\t\t\t\t\t<\/div>\n\t\t<\/div>\n\t\t\t\t\t<\/div>\n\t\t<\/section>\n\t\t\t\t<section class=\"elementor-section elementor-top-section elementor-element elementor-element-d7d0bf0 elementor-section-boxed elementor-section-height-default elementor-section-height-default\" data-id=\"d7d0bf0\" data-element_type=\"section\" data-e-type=\"section\">\n\t\t\t\t\t\t<div class=\"elementor-container elementor-column-gap-default\">\n\t\t\t\t\t<div class=\"aux-parallax-section elementor-column elementor-col-16 elementor-top-column elementor-element elementor-element-d6ee083\" data-id=\"d6ee083\" data-element_type=\"column\" data-e-type=\"column\">\n\t\t\t<div class=\"elementor-widget-wrap elementor-element-populated\">\n\t\t\t\t\t\t<div class=\"elementor-element elementor-element-7cc9553 elementor-widget elementor-widget-image\" data-id=\"7cc9553\" data-element_type=\"widget\" data-e-type=\"widget\" data-widget_type=\"image.default\">\n\t\t\t\t<div class=\"elementor-widget-container\">\n\t\t\t\t\t\t\t\t\t\t\t\t\t\t\t<img fetchpriority=\"high\" decoding=\"async\" width=\"491\" height=\"751\" src=\"https:\/\/pestmof.com\/wp-content\/uploads\/2024\/12\/WhatsApp-Image-2024-12-19-at-7.53.30-PM.jpeg\" class=\"attachment-large size-large wp-image-591\" alt=\"\" srcset=\"https:\/\/pestmof.com\/wp-content\/uploads\/2024\/12\/WhatsApp-Image-2024-12-19-at-7.53.30-PM.jpeg 491w, https:\/\/pestmof.com\/wp-content\/uploads\/2024\/12\/WhatsApp-Image-2024-12-19-at-7.53.30-PM-200x306.jpeg 200w\" sizes=\"(max-width: 491px) 100vw, 491px\" \/>\t\t\t\t\t\t\t\t\t\t\t\t\t\t\t<\/div>\n\t\t\t\t<\/div>\n\t\t\t\t\t<\/div>\n\t\t<\/div>\n\t\t\t\t<div class=\"aux-parallax-section elementor-column elementor-col-16 elementor-top-column elementor-element elementor-element-2e34ebc\" data-id=\"2e34ebc\" data-element_type=\"column\" data-e-type=\"column\">\n\t\t\t<div class=\"elementor-widget-wrap elementor-element-populated\">\n\t\t\t\t\t\t<div class=\"elementor-element elementor-element-b2dacd5 elementor-widget elementor-widget-image\" data-id=\"b2dacd5\" data-element_type=\"widget\" data-e-type=\"widget\" data-widget_type=\"image.default\">\n\t\t\t\t<div class=\"elementor-widget-container\">\n\t\t\t\t\t\t\t\t\t\t\t\t\t\t\t<img decoding=\"async\" width=\"486\" height=\"759\" src=\"https:\/\/pestmof.com\/wp-content\/uploads\/2024\/12\/WhatsApp-Image-2024-12-19-at-7.39.06-PM-2-e1734660376223.jpeg\" class=\"attachment-large size-large wp-image-586\" alt=\"\" srcset=\"https:\/\/pestmof.com\/wp-content\/uploads\/2024\/12\/WhatsApp-Image-2024-12-19-at-7.39.06-PM-2-e1734660376223.jpeg 486w, https:\/\/pestmof.com\/wp-content\/uploads\/2024\/12\/WhatsApp-Image-2024-12-19-at-7.39.06-PM-2-e1734660376223-200x312.jpeg 200w\" sizes=\"(max-width: 486px) 100vw, 486px\" \/>\t\t\t\t\t\t\t\t\t\t\t\t\t\t\t<\/div>\n\t\t\t\t<\/div>\n\t\t\t\t\t<\/div>\n\t\t<\/div>\n\t\t\t\t<div class=\"aux-parallax-section elementor-column elementor-col-16 elementor-top-column elementor-element elementor-element-bb28693\" data-id=\"bb28693\" data-element_type=\"column\" data-e-type=\"column\">\n\t\t\t<div class=\"elementor-widget-wrap elementor-element-populated\">\n\t\t\t\t\t\t<div class=\"elementor-element elementor-element-25da0d4 elementor-widget elementor-widget-image\" data-id=\"25da0d4\" data-element_type=\"widget\" data-e-type=\"widget\" data-widget_type=\"image.default\">\n\t\t\t\t<div class=\"elementor-widget-container\">\n\t\t\t\t\t\t\t\t\t\t\t\t\t\t\t<img decoding=\"async\" width=\"470\" height=\"745\" src=\"https:\/\/pestmof.com\/wp-content\/uploads\/2024\/12\/WhatsApp-Image-2024-12-19-at-7.39.06-PM-e1735183529827.jpeg\" class=\"attachment-large size-large wp-image-588\" alt=\"\" srcset=\"https:\/\/pestmof.com\/wp-content\/uploads\/2024\/12\/WhatsApp-Image-2024-12-19-at-7.39.06-PM-e1735183529827.jpeg 470w, https:\/\/pestmof.com\/wp-content\/uploads\/2024\/12\/WhatsApp-Image-2024-12-19-at-7.39.06-PM-e1735183529827-200x317.jpeg 200w\" sizes=\"(max-width: 470px) 100vw, 470px\" \/>\t\t\t\t\t\t\t\t\t\t\t\t\t\t\t<\/div>\n\t\t\t\t<\/div>\n\t\t\t\t\t<\/div>\n\t\t<\/div>\n\t\t\t\t<div class=\"aux-parallax-section elementor-column elementor-col-16 elementor-top-column elementor-element elementor-element-f3cbd26\" data-id=\"f3cbd26\" data-element_type=\"column\" data-e-type=\"column\">\n\t\t\t<div class=\"elementor-widget-wrap elementor-element-populated\">\n\t\t\t\t\t\t<div class=\"elementor-element elementor-element-aa542f6 elementor-widget elementor-widget-image\" data-id=\"aa542f6\" data-element_type=\"widget\" data-e-type=\"widget\" data-widget_type=\"image.default\">\n\t\t\t\t<div class=\"elementor-widget-container\">\n\t\t\t\t\t\t\t\t\t\t\t\t\t\t\t<img loading=\"lazy\" decoding=\"async\" width=\"466\" height=\"763\" src=\"https:\/\/pestmof.com\/wp-content\/uploads\/2024\/12\/WhatsApp-Image-2024-12-19-at-7.39.05-PM-e1735183819924.jpeg\" class=\"attachment-large size-large wp-image-589\" alt=\"\" srcset=\"https:\/\/pestmof.com\/wp-content\/uploads\/2024\/12\/WhatsApp-Image-2024-12-19-at-7.39.05-PM-e1735183819924.jpeg 466w, https:\/\/pestmof.com\/wp-content\/uploads\/2024\/12\/WhatsApp-Image-2024-12-19-at-7.39.05-PM-e1735183819924-200x327.jpeg 200w\" sizes=\"(max-width: 466px) 100vw, 466px\" \/>\t\t\t\t\t\t\t\t\t\t\t\t\t\t\t<\/div>\n\t\t\t\t<\/div>\n\t\t\t\t\t<\/div>\n\t\t<\/div>\n\t\t\t\t<div class=\"aux-parallax-section elementor-column elementor-col-16 elementor-top-column elementor-element elementor-element-e04b80a\" data-id=\"e04b80a\" data-element_type=\"column\" data-e-type=\"column\">\n\t\t\t<div class=\"elementor-widget-wrap elementor-element-populated\">\n\t\t\t\t\t\t<div class=\"elementor-element elementor-element-b3f7cbd elementor-widget elementor-widget-image\" data-id=\"b3f7cbd\" data-element_type=\"widget\" data-e-type=\"widget\" data-widget_type=\"image.default\">\n\t\t\t\t<div class=\"elementor-widget-container\">\n\t\t\t\t\t\t\t\t\t\t\t\t\t\t\t<img loading=\"lazy\" decoding=\"async\" width=\"500\" height=\"641\" src=\"https:\/\/pestmof.com\/wp-content\/uploads\/2024\/12\/WhatsApp-Image-2024-12-19-at-7.39.07-PM.jpeg\" class=\"attachment-large size-large wp-image-585\" alt=\"\" srcset=\"https:\/\/pestmof.com\/wp-content\/uploads\/2024\/12\/WhatsApp-Image-2024-12-19-at-7.39.07-PM.jpeg 500w, https:\/\/pestmof.com\/wp-content\/uploads\/2024\/12\/WhatsApp-Image-2024-12-19-at-7.39.07-PM-200x256.jpeg 200w\" sizes=\"(max-width: 500px) 100vw, 500px\" \/>\t\t\t\t\t\t\t\t\t\t\t\t\t\t\t<\/div>\n\t\t\t\t<\/div>\n\t\t\t\t\t<\/div>\n\t\t<\/div>\n\t\t\t\t<div class=\"aux-parallax-section elementor-column elementor-col-16 elementor-top-column elementor-element elementor-element-e883df2\" data-id=\"e883df2\" data-element_type=\"column\" data-e-type=\"column\">\n\t\t\t<div class=\"elementor-widget-wrap elementor-element-populated\">\n\t\t\t\t\t\t<div class=\"elementor-element elementor-element-5c40fcb elementor-widget elementor-widget-image\" data-id=\"5c40fcb\" data-element_type=\"widget\" data-e-type=\"widget\" data-widget_type=\"image.default\">\n\t\t\t\t<div class=\"elementor-widget-container\">\n\t\t\t\t\t\t\t\t\t\t\t\t\t\t\t<img loading=\"lazy\" decoding=\"async\" width=\"473\" height=\"795\" src=\"https:\/\/pestmof.com\/wp-content\/uploads\/2024\/12\/WhatsApp-Image-2024-12-19-at-8.07.32-PM-e1735183889614.jpeg\" class=\"attachment-large size-large wp-image-596\" alt=\"\" srcset=\"https:\/\/pestmof.com\/wp-content\/uploads\/2024\/12\/WhatsApp-Image-2024-12-19-at-8.07.32-PM-e1735183889614.jpeg 473w, https:\/\/pestmof.com\/wp-content\/uploads\/2024\/12\/WhatsApp-Image-2024-12-19-at-8.07.32-PM-e1735183889614-200x336.jpeg 200w\" sizes=\"(max-width: 473px) 100vw, 473px\" \/>\t\t\t\t\t\t\t\t\t\t\t\t\t\t\t<\/div>\n\t\t\t\t<\/div>\n\t\t\t\t\t<\/div>\n\t\t<\/div>\n\t\t\t\t\t<\/div>\n\t\t<\/section>\n\t\t\t\t<section class=\"elementor-section elementor-top-section elementor-element elementor-element-e6595d3 elementor-section-boxed elementor-section-height-default elementor-section-height-default\" data-id=\"e6595d3\" data-element_type=\"section\" data-e-type=\"section\">\n\t\t\t\t\t\t<div class=\"elementor-container elementor-column-gap-default\">\n\t\t\t\t\t<div class=\"aux-parallax-section elementor-column elementor-col-100 elementor-top-column elementor-element elementor-element-68e094c\" data-id=\"68e094c\" data-element_type=\"column\" data-e-type=\"column\">\n\t\t\t<div class=\"elementor-widget-wrap\">\n\t\t\t\t\t\t\t<\/div>\n\t\t<\/div>\n\t\t\t\t\t<\/div>\n\t\t<\/section>\n\t\t\t\t<section class=\"elementor-section elementor-top-section elementor-element elementor-element-8396997 elementor-section-boxed elementor-section-height-default elementor-section-height-default\" data-id=\"8396997\" data-element_type=\"section\" data-e-type=\"section\">\n\t\t\t\t\t\t<div class=\"elementor-container elementor-column-gap-default\">\n\t\t\t\t\t<div class=\"aux-parallax-section elementor-column elementor-col-100 elementor-top-column elementor-element elementor-element-f949eae\" data-id=\"f949eae\" data-element_type=\"column\" data-e-type=\"column\">\n\t\t\t<div class=\"elementor-widget-wrap elementor-element-populated\">\n\t\t\t\t\t\t<div class=\"elementor-element elementor-element-d1da287 elementor-widget elementor-widget-image\" data-id=\"d1da287\" data-element_type=\"widget\" data-e-type=\"widget\" data-widget_type=\"image.default\">\n\t\t\t\t<div class=\"elementor-widget-container\">\n\t\t\t\t\t\t\t\t\t\t\t\t\t\t\t<img loading=\"lazy\" decoding=\"async\" width=\"768\" height=\"768\" src=\"https:\/\/pestmof.com\/wp-content\/uploads\/2025\/02\/Diseno-sin-titulo-9-768x768.png\" class=\"attachment-medium_large size-medium_large wp-image-1444\" alt=\"\" srcset=\"https:\/\/pestmof.com\/wp-content\/uploads\/2025\/02\/Diseno-sin-titulo-9-768x768.png 768w, https:\/\/pestmof.com\/wp-content\/uploads\/2025\/02\/Diseno-sin-titulo-9-300x300.png 300w, https:\/\/pestmof.com\/wp-content\/uploads\/2025\/02\/Diseno-sin-titulo-9-150x150.png 150w\" sizes=\"(max-width: 768px) 100vw, 768px\" \/>\t\t\t\t\t\t\t\t\t\t\t\t\t\t\t<\/div>\n\t\t\t\t<\/div>\n\t\t\t\t\t<\/div>\n\t\t<\/div>\n\t\t\t\t\t<\/div>\n\t\t<\/section>\n\t\t\t\t<section class=\"elementor-section elementor-top-section elementor-element elementor-element-ab9da7f elementor-section-boxed elementor-section-height-default elementor-section-height-default\" data-id=\"ab9da7f\" data-element_type=\"section\" data-e-type=\"section\">\n\t\t\t\t\t\t<div class=\"elementor-container elementor-column-gap-default\">\n\t\t\t\t\t<div class=\"aux-parallax-section elementor-column elementor-col-100 elementor-top-column elementor-element elementor-element-aab7f28\" data-id=\"aab7f28\" data-element_type=\"column\" data-e-type=\"column\">\n\t\t\t<div class=\"elementor-widget-wrap\">\n\t\t\t\t\t\t\t<\/div>\n\t\t<\/div>\n\t\t\t\t\t<\/div>\n\t\t<\/section>\n\t\t\t\t<section class=\"elementor-section elementor-top-section elementor-element elementor-element-78a75a5 elementor-section-boxed elementor-section-height-default elementor-section-height-default\" data-id=\"78a75a5\" data-element_type=\"section\" data-e-type=\"section\">\n\t\t\t\t\t\t<div class=\"elementor-container elementor-column-gap-default\">\n\t\t\t\t\t<div class=\"aux-parallax-section elementor-column elementor-col-100 elementor-top-column elementor-element elementor-element-9813ec3\" data-id=\"9813ec3\" data-element_type=\"column\" data-e-type=\"column\">\n\t\t\t<div class=\"elementor-widget-wrap elementor-element-populated\">\n\t\t\t\t\t\t<div class=\"elementor-element elementor-element-abb5ffe elementor-widget elementor-widget-image\" data-id=\"abb5ffe\" data-element_type=\"widget\" data-e-type=\"widget\" data-widget_type=\"image.default\">\n\t\t\t\t<div class=\"elementor-widget-container\">\n\t\t\t\t\t\t\t\t\t\t\t\t\t\t\t<img decoding=\"async\" src=\"https:\/\/pestmof.com\/wp-content\/uploads\/2024\/12\/4.png\" title=\"\" alt=\"\" loading=\"lazy\" \/>\t\t\t\t\t\t\t\t\t\t\t\t\t\t\t<\/div>\n\t\t\t\t<\/div>\n\t\t\t\t\t<\/div>\n\t\t<\/div>\n\t\t\t\t\t<\/div>\n\t\t<\/section>\n\t\t\t\t<\/div>","protected":false},"excerpt":{"rendered":"<p>Proyectos Pr\u00f3ximos proyectos Trabajar en los pr\u00f3ximos edificios modernos de la republica Mexicana con nuestro equipo es el principal objetivo! Contamos con un grupo de trabajadores altamente cualificados. Fierreros, Carpinteros, Alba\u00f1iles, Pintores, Soldadores, Paileros, Tuberos, Instalaciones Hidrosanitarias, Electricistas en baja y alta tensi\u00f3n, Top\u00f3grafos, Ingenieros, personal administrativo, entre otros.<\/p>","protected":false},"author":1,"featured_media":0,"parent":0,"menu_order":0,"comment_status":"closed","ping_status":"closed","template":"templates\/page-builder-content.php","meta":{"_joinchat":[],"footnotes":""},"class_list":["post-67","page","type-page","status-publish","hentry"],"_links":{"self":[{"href":"https:\/\/pestmof.com\/en\/wp-json\/wp\/v2\/pages\/67","targetHints":{"allow":["GET"]}}],"collection":[{"href":"https:\/\/pestmof.com\/en\/wp-json\/wp\/v2\/pages"}],"about":[{"href":"https:\/\/pestmof.com\/en\/wp-json\/wp\/v2\/types\/page"}],"author":[{"embeddable":true,"href":"https:\/\/pestmof.com\/en\/wp-json\/wp\/v2\/users\/1"}],"replies":[{"embeddable":true,"href":"https:\/\/pestmof.com\/en\/wp-json\/wp\/v2\/comments?post=67"}],"version-history":[{"count":93,"href":"https:\/\/pestmof.com\/en\/wp-json\/wp\/v2\/pages\/67\/revisions"}],"predecessor-version":[{"id":1624,"href":"https:\/\/pestmof.com\/en\/wp-json\/wp\/v2\/pages\/67\/revisions\/1624"}],"wp:attachment":[{"href":"https:\/\/pestmof.com\/en\/wp-json\/wp\/v2\/media?parent=67"}],"curies":[{"name":"wp","href":"https:\/\/api.w.org\/{rel}","templated":true}]}}