{"id":463,"date":"2024-12-18T23:34:47","date_gmt":"2024-12-18T23:34:47","guid":{"rendered":"https:\/\/pestmof.com\/?page_id=463"},"modified":"2024-12-18T23:53:07","modified_gmt":"2024-12-18T23:53:07","slug":"historia-de-la-topografia","status":"publish","type":"page","link":"https:\/\/pestmof.com\/en\/historia-de-la-topografia\/","title":{"rendered":"History of topography"},"content":{"rendered":"<h2 class=\"wp-block-heading\">\u00bfCu\u00e1l es el origen de la topograf\u00eda?<\/h2>\n\n\n\n<p>La&nbsp;<strong>topograf\u00eda<\/strong>, como disciplina que estudia y representa la superficie terrestre, tiene sus&nbsp;<strong>or\u00edgenes<\/strong>&nbsp;en la antig\u00fcedad. Se cree que las primeras formas de topograf\u00eda se remontan aproximadamente al a\u00f1o 1400 a.C., en el antiguo Egipto. Los egipcios utilizaban instrumentos rudimentarios, como la cuerda tensada y el nivel de agua, para medir y delimitar terrenos.<\/p>\n\n\n\n<p>En Grecia, durante el siglo VI a.C., se hicieron avances significativos en esta ciencia. Anaximandro de Mileto es conocido por haber elaborado uno de los primeros mapas del mundo conocido hasta entonces. Adem\u00e1s, las obras de Hiparco y Ptolomeo en el campo de la cartograf\u00eda tambi\u00e9n contribuyeron al progreso de la topograf\u00eda.<\/p>\n\n\n\n<h2 class=\"wp-block-heading\">\u00bfQui\u00e9n fue el inventor de la topograf\u00eda?<\/h2>\n\n\n\n<p>No se puede atribuir la invenci\u00f3n de la topograf\u00eda a una sola persona, ya que se trata de una disciplina que ha evolucionado a lo largo de siglos con contribuciones de diversas culturas y civilizaciones. Sin embargo, importantes figuras hist\u00f3ricas han sido fundamentales en su desarrollo.<\/p>\n\n\n\n<h3 class=\"wp-block-heading\">Anaximandro de Mileto<\/h3>\n\n\n\n<p>Anaximandro es considerado uno de los primeros cart\u00f3grafos de la historia. Sus trabajos y teor\u00edas ofrecieron una perspectiva m\u00e1s racional y precisa sobre la tierra y sus dimensiones.<\/p>\n\n\n\n<h3 class=\"wp-block-heading\">Hiparco y Ptolomeo<\/h3>\n\n\n\n<p>En la Grecia antigua, Hiparco y Ptolomeo realizaron grandes aportes en la medici\u00f3n y representaci\u00f3n de la tierra. Sus tratados y mapas conservaron un gran valor durante siglos y sentaron las bases para futuras exploraciones y levantamientos topogr\u00e1ficos.<\/p>\n\n\n\n<h2 class=\"wp-block-heading\">\u00bfQu\u00e9 es la topograf\u00eda en resumen?<\/h2>\n\n\n\n<p>La&nbsp;<strong>topograf\u00eda<\/strong>&nbsp;es la ciencia encargada del&nbsp;<strong>estudio<\/strong>&nbsp;y la representaci\u00f3n gr\u00e1fica de la superficie terrestre y sus rasgos naturales y artificiales. A trav\u00e9s de diversos instrumentos y t\u00e9cnicas, los top\u00f3grafos miden distancias, \u00e1ngulos y elevaciones, creando mapas y planos detallados.<\/p>\n\n\n\n<ul class=\"wp-block-list\">\n<li>La topograf\u00eda se usa en la construcci\u00f3n para garantizar que las estructuras se construyan en el lugar correcto y con las dimensiones adecuadas.<\/li>\n\n\n\n<li>Tambi\u00e9n juega un papel crucial en la creaci\u00f3n de mapas y en la planificaci\u00f3n y gesti\u00f3n del uso del suelo.<\/li>\n\n\n\n<li>En la agricultura, se utiliza para dise\u00f1ar sistemas de riego eficientes.<\/li>\n<\/ul>\n\n\n\n<div class=\"wp-block-columns is-layout-flex wp-container-core-columns-is-layout-2 wp-block-columns-is-layout-flex\">\n<div class=\"wp-block-column is-layout-flow wp-block-column-is-layout-flow\">\n<div class=\"wp-block-columns is-layout-flex wp-container-core-columns-is-layout-1 wp-block-columns-is-layout-flex\">\n<div class=\"wp-block-column is-layout-flow wp-block-column-is-layout-flow\"><\/div>\n\n\n\n<div class=\"wp-block-column is-layout-flow wp-block-column-is-layout-flow\"><\/div>\n\n\n\n<div class=\"wp-block-column is-layout-flow wp-block-column-is-layout-flow\"><\/div>\n<\/div>\n<\/div>\n\n\n\n<div class=\"wp-block-column is-layout-flow wp-block-column-is-layout-flow\"><\/div>\n\n\n\n<div class=\"wp-block-column is-layout-flow wp-block-column-is-layout-flow\"><\/div>\n<\/div>\n\n\n\n<div class=\"wp-block-columns is-layout-flex wp-container-core-columns-is-layout-3 wp-block-columns-is-layout-flex\">\n<div class=\"wp-block-column is-layout-flow wp-block-column-is-layout-flow\">\n<figure class=\"wp-block-gallery has-nested-images columns-default is-cropped wp-block-gallery-1 is-layout-flex wp-block-gallery-is-layout-flex\">\n<figure class=\"wp-block-image size-large\"><a href=\"https:\/\/pestmof.com\/wp-content\/uploads\/2024\/12\/WhatsApp-Image-2024-12-18-at-5.23.46-PM.jpeg\"><img decoding=\"async\" src=\"https:\/\/pestmof.com\/wp-content\/uploads\/2024\/12\/WhatsApp-Image-2024-12-18-at-5.23.46-PM.jpeg\" alt=\"\" class=\"wp-image-465\"\/><\/a><\/figure>\n\n\n\n<figure class=\"wp-block-image size-large\"><a href=\"https:\/\/pestmof.com\/wp-content\/uploads\/2024\/12\/WhatsApp-Image-2024-12-18-at-5.23.47-PM.jpeg\"><img decoding=\"async\" src=\"https:\/\/pestmof.com\/wp-content\/uploads\/2024\/12\/WhatsApp-Image-2024-12-18-at-5.23.47-PM.jpeg\" alt=\"\" class=\"wp-image-464\"\/><\/a><\/figure>\n<\/figure>\n<\/div>\n\n\n\n<div class=\"wp-block-column is-layout-flow wp-block-column-is-layout-flow\"><\/div>\n<\/div>","protected":false},"excerpt":{"rendered":"<p>\u00bfCu\u00e1l es el origen de la topograf\u00eda? La&nbsp;topograf\u00eda, como disciplina que estudia y representa la superficie terrestre, tiene sus&nbsp;or\u00edgenes&nbsp;en la antig\u00fcedad. Se cree que las primeras formas de topograf\u00eda se remontan aproximadamente al a\u00f1o 1400 a.C., en el antiguo Egipto. Los egipcios utilizaban instrumentos rudimentarios, como la cuerda tensada y el nivel de agua, para [&hellip;]<\/p>","protected":false},"author":1,"featured_media":0,"parent":0,"menu_order":0,"comment_status":"closed","ping_status":"closed","template":"","meta":{"_joinchat":[],"footnotes":""},"class_list":["post-463","page","type-page","status-publish","hentry"],"_links":{"self":[{"href":"https:\/\/pestmof.com\/en\/wp-json\/wp\/v2\/pages\/463","targetHints":{"allow":["GET"]}}],"collection":[{"href":"https:\/\/pestmof.com\/en\/wp-json\/wp\/v2\/pages"}],"about":[{"href":"https:\/\/pestmof.com\/en\/wp-json\/wp\/v2\/types\/page"}],"author":[{"embeddable":true,"href":"https:\/\/pestmof.com\/en\/wp-json\/wp\/v2\/users\/1"}],"replies":[{"embeddable":true,"href":"https:\/\/pestmof.com\/en\/wp-json\/wp\/v2\/comments?post=463"}],"version-history":[{"count":7,"href":"https:\/\/pestmof.com\/en\/wp-json\/wp\/v2\/pages\/463\/revisions"}],"predecessor-version":[{"id":477,"href":"https:\/\/pestmof.com\/en\/wp-json\/wp\/v2\/pages\/463\/revisions\/477"}],"wp:attachment":[{"href":"https:\/\/pestmof.com\/en\/wp-json\/wp\/v2\/media?parent=463"}],"curies":[{"name":"wp","href":"https:\/\/api.w.org\/{rel}","templated":true}]}}